{"id":701,"date":"2025-04-22T14:00:01","date_gmt":"2025-04-22T11:00:01","guid":{"rendered":"https:\/\/conference.vtu.bg\/committees\/"},"modified":"2025-09-26T13:38:50","modified_gmt":"2025-09-26T10:38:50","slug":"committees","status":"publish","type":"page","link":"https:\/\/conference.vtu.bg\/en\/committees\/","title":{"rendered":"Committees"},"content":{"rendered":"\t\t<div data-elementor-type=\"wp-page\" data-elementor-id=\"701\" class=\"elementor elementor-701\" data-elementor-post-type=\"page\">\n\t\t\t\t<div class=\"elementor-element elementor-element-22c479b e-flex e-con-boxed e-con e-parent\" data-id=\"22c479b\" data-element_type=\"container\">\n\t\t\t\t\t<div class=\"e-con-inner\">\n\t\t\t\t<div class=\"elementor-element elementor-element-d8cbcf5 elementor-widget__width-inherit elementor-widget elementor-widget-heading\" data-id=\"d8cbcf5\" data-element_type=\"widget\" data-widget_type=\"heading.default\">\n\t\t\t\t<div class=\"elementor-widget-container\">\n\t\t\t\t\t<h3 class=\"elementor-heading-title elementor-size-default\">Program Committee<\/h3>\t\t\t\t<\/div>\n\t\t\t\t<\/div>\n\t\t\t\t\t<\/div>\n\t\t\t\t<\/div>\n\t\t<div class=\"elementor-element elementor-element-7bbcee0 e-flex e-con-boxed e-con e-parent\" data-id=\"7bbcee0\" data-element_type=\"container\">\n\t\t\t\t\t<div class=\"e-con-inner\">\n\t\t\t\t<div class=\"elementor-element elementor-element-c2dff24 elementor-widget elementor-widget-text-editor\" data-id=\"c2dff24\" data-element_type=\"widget\" data-widget_type=\"text-editor.default\">\n\t\t\t\t<div class=\"elementor-widget-container\">\n\t\t\t\t\t\t\t\t\t<p><strong>Chairman:<\/strong> Prof. Eng. Krasimir Krastanov, PhD \u2013 Rector, Todor Kableshkov University of Transport, Bulgaria<\/p><p><strong>Vice-Chairman:<\/strong> Assoc. Prof. Eng.-Math. Nina Gergova, PhD\u00a0 \u2013 Vice-Rector for Research and International Activities, Todor Kableshkov University of Transport, Bulgaria<\/p><p><strong>Honorary members:<br \/><\/strong>Grozdan Karadjov \u2013 Deputy Prime Minister and Minister of Transport and Communications, Bulgaria<br \/>Krasimir Valchev \u00a0\u2013 Minister of Education and Science, Bulgaria<\/p><p><strong>Members:<br \/><\/strong>Prof. Tatiana \u010corejov\u00e1 PhD \u2013 Doctor Honoris Causa of \u201cTodor Kableshkov\u201d University of Transport, University of Zilina, Slovakia<br \/>Prof. B. Hofmann-Wellenhoff PhD \u2013 Doctor Honoris Causa of \u201cTodor Kableshkov\u201d University of Transport, Technical University of Graz, Austria<br \/>Prof. Mustafa Karasahin PhD \u2013 Doctor Honoris Causa of \u201cTodor Kableshkov\u201d University of Transport, Istanbul University, Turkey<br \/>Prof. Eckehard Schnieder PhD \u2013 Doctor Honoris Causa of \u201cTodor Kableshkov\u201d University of Transport, Technical University of Brawnschweig, Germany<br \/>Prof. Stoyan Bratoev PhD \u2013 Doctor Honoris Causa of \u201cTodor Kableshkov\u201d University of Transport, Bulgaria, Metropolitan EAD, Bulgaria<br \/>Prof. Boyan Mednikarov DSc \u2013 Doctor Honoris Causa of \u201cTodor Kableshkov\u201d University of Transport, Naval Academy \u201cNikola Yonkov Vaptsarov\u201d, Bulgaria<br \/>Prof. Jan Celko, Dsc \u2013 Zilina University, Slovakia<br \/>Prof. Zdenek Dvorak PhD \u2013 University of Zilina, Slovakia<br \/>Prof. Eng. Jozef Ristvej, PhD \u2013 University of Zilina, Slovakia<br \/>Prof. Ing. Monika Hud\u00e1kov\u00e1, PhD \u2013 Bratislava University of Economics and Management, Slovakia<br \/>Prof. Zoran Cekrevac PhD \u2013 MB University, Serbia<br \/>Prof. Wang Bo PhD \u2013 Ningbo, China<br \/>Prof. Eng. Emil Velinov PhD \u2013 University of Applied Sciences, Riga, Latvia<br \/>Prof. Leszek Korzeniowski PhD \u2013 European Association in Security, Poland<br \/>Prof. Mustafa Hatipler PhD \u2013 Trakya University, Turkey<br \/>Prof. Goran Markovic, PhD &#8211;\u00a0 University of Kragujevac, Serbia<br \/>Prof. Dragan Petrovic PhD \u2013 University of Kragujevac, Serbia<br \/>Prof. Ana Savic, PhD- Chairwoman of the Academy of Technical and Art Applied Studies, Belgrade, Serbia<br \/>Prof. Sandra Kasalica, PhD Academy of Technical and Art Applied Studies, Belgrade, Serbia, School of Railroad Transport, Belgrade, Serbia<br \/>Prof. Zoran Pavlovic, PhD,\u00a0 Academy of Technical and Art Applied Studies, Belgrade, Serbia, School of Railroad Transport, Belgrade, Serbia<br \/>Prof. Serghei Ohrimenco, DSc &#8211; Academy of Economic Studies of Moldova<br \/>Fleet Admiral Prof. Kalin Kalinov, DSc \u2013 Naval Academy \u201cNikola Yonkov Vaptsarov\u201d, Bulgaria<br \/>Prof. Maya Lambovska, DSc \u2013 University of National and World Economy, Bulgaria<br \/>Prof. Hristina Nikolova, PhD \u2013 University of National and World Economy, Bulgaria<br \/>Prof. Nikolay Shterev, PhD \u2013 University of National and World Economy, Bulgaria <br \/>Assoc. Prof. eng. Eva Sventekov\u00e1, PhD,- University of Zilina, Slovakia<br \/>Assoc. prof. eng. Bohu\u0161 Leitner, PhD &#8211; University of Zilina, Slovakia<br \/>Assoc. Prof. \u013dubo\u0161 Cib\u00e1k, PhD \u2013 Bratislava University of Economics and Management, Slovakia<br \/>Assoc. prof. Michal Fabu\u0161, PhD &#8211; Bratislava University of Economics and Management, Slovakia<br \/>Assoc. prof. Marian Kov\u00e1\u010d, PhD &#8211; Bratislava University of Economics and Management, Slovakia<br \/>Assoc. Prof. Stanislav Filip, PhD \u2013 Bratislava University of Economics and Management, Slovakia<br \/>Assoc. Prof. Mario Bogdanovi\u0107, PhD &#8211; Istrian University of Applied Sciences in Pula, Croatia<br \/>Assoc. Prof. Milanka Bogavac, PhD \u2013 MB University, Serbia<br \/>Assoc. prof. Mi\u0161o BJELI\u0106, PhD \u00a0\u2013 University of Kragujevac, Serbia<br \/>Ass. Prof. Milan Bizic, PhD \u2013 University of Kragujevac, Serbia<br \/>PhD Vladimir Mandi\u0107 \u00a0\u2013 University of Kragujevac, Serbia<br \/>Chief assist. Selcuk Duranlar, PhD \u2013 Trakya University, Turkey<br \/>Mgr. \u013dubica FILIPOV\u00c1, PhD\u00a0&#8211; Bratislava University of Economics and Management, Slovakia<br \/>Prof. Nencho Nenov, DSc \u2013 \u201cTodor Kableshkov\u201d University of Transport, Bulgaria<br \/>Prof. Daniela Todorova, PhD \u2013 \u201cTodor Kableshkov\u201d University of Transport, Bulgaria<br \/>Assoc. prof. Yulia Varadinova, PhD \u2013 Vice Rector of Academic Affairs, \u201cTodor Kableshkov\u201d University of Transport, Bulgaria<br \/>Prof. Desislava Yosifova, DSc \u2013 \u201cTodor Kableshkov\u201d University of Transport, Bulgaria<br \/>Prof. Nikolay Georgiev, PhD\u2013 \u201cTodor Kableshkov\u201d University of Transport, Bulgaria<br \/>Prof. Georgi Pavlov, PhD \u2013 Dean of Faculty of Telecommunication and Electrical Equipment in Transport<br \/>Prof. Galina Cherneva, DSc, PhD \u2013 \u201cTodor Kableshkov\u201d University of Transport, Bulgaria<br \/>Prof. Emiliya Dimitrova, PhD \u2013 \u201cTodor Kableshkov\u201d University of Transport, Bulgaria<br \/>Prof. Mira Zafirova, PhD \u2013 \u201cTodor Kableshkov\u201d University of Transport, Bulgaria<br \/>Prof. Bogdan Gilev, PhD \u2013 \u201cTodor Kableshkov\u201d University of Transport, Bulgaria<br \/>Prof. Nikolay Tontchev, Dsc. \u2013 \u201cTodor Kableshkov\u201d University of Transport, Bulgaria<br \/>Prof. Dimitar Dimitrov, Dsc, \u201cTodor Kableshkov\u201d University of Transport, Bulgaria<br \/><span data-olk-copy-source=\"MessageBody\">Prof. Ventsislav Trifonov, PhD \u2013 Todor Kableshkov University of Transport, Bulgaria<\/span><br \/>Assoc. Prof. Ivan Stoyanov Mitev, PhD \u2013 University of Mining and Geology St. Ivan Rilski, Bulgaria<br \/>Assoc. Prof. Borislav Arnaudov, PhD \u2013 University of National and World Economy, Bulgaria<br \/>Assoc. Prof. Daniel Iordanov, PhD \u2013 University of National and World Economy, Bulgaria<br \/>Assoc. Prof. Ilia Gatovski, PhD \u2013 University of National and World Economy, Bulgaria<br \/>Assoc. prof. Miryana Evtimova, PhD \u2013 Dean of Faculty of Machinery and Construction Technologies in Transport, \u201cTodor Kableshkov\u201d University of Transport, Bulgaria<br \/>Assoc. prof. Eng. Boris Petkov, PhD \u2013 \u201cTodor Kableshkov\u201d University of Transport, Bulgaria<br \/>Assoc. prof. Blagoika Paleva-Kadijska, eng. \u2013 \u201cTodor Kableshkov\u201d University of Transport, Bulgaria<br \/>Assoc. prof. Eng. Vasko Nikolov, PhD \u2013 \u201cTodor Kableshkov\u201d University of Transport, Bulgaria<br \/>Assoc. prof. Nina Dimitrova, PhD \u2013 \u201cTodor Kableshkov\u201d University of Transport, Bulgaria<br \/>Assoc. Prof. Eng. Lyubomir Sekulov, PhD &#8211; \u201cTodor Kableshkov\u201d University of Transport, Bulgaria<br \/>Assoc. Prof. Orlin Kolev, PhD &#8211; \u201cTodor Kableshkov\u201d University of Transport, Bulgaria<br \/>Assoc. Prof. Zlatin Trendafilov, PhD &#8211; \u201cTodor Kableshkov\u201d University of Transport, Bulgaria<br \/>Chief assist. Eng.\u00a0Galina Petkova, PhD &#8211; \u201cTodor Kableshkov\u201d University of Transport, Bulgaria<br \/>Eng. Yasen Ishev \u2013 Chairman of the Board of Directors of the Scientific and Technical Union for Transport, Bulgaria <br \/>Martin Angelov \u2013 Holding BDZ, Bulgaria<br \/>dipl. eng. Aleksandar Vetskov \u00a0\u2013 National Railway Infrastructure Company, Bulgaria<br \/>Eng. Todor Esev \u2013 Transport Construction and Reconstruction EAD, Bulgaria<br \/><span data-olk-copy-source=\"MessageBody\">Stilyan Manolov, Executive Director of &#8220;Stolichen Autotransport&#8221; EAD<\/span><\/p><p><strong>Organizing Committee:<br \/>Chairman:<\/strong> Assoc. Prof. PhD Eng.-Math. Nina Gergova \u2013 Vice-Rector for Research and International Activities, Todor Kableshkov University of Transport, Bulgaria<br \/><strong>Vice-Chairman: <\/strong>Assoc. Prof. Eng. Vasko Nikolov, PhD \u2013 \u201cTodor Kableshkov\u201d University of Transport, Bulgaria<\/p><p><strong>Members:<br \/><\/strong>Prof. Rumen Ivanov PhD \u2013 \u201cTodor Kableshkov\u201d University of Transport, Bulgaria<br \/>Assoc. prof. Eng. Martina Tomcheva \u2013 \u201cTodor Kableshkov\u201d University of Transport, Bulgaria<br \/>Assoc. prof. Boryana Rogozherova \u2013 \u201cTodor Kableshkov\u201d University of Transport, Bulgaria<br \/>Chief assist. Eng. Violina Velyova, PhD \u2013 \u201cTodor Kableshkov\u201d University of Transport, Bulgaria<br \/>Senior Lecturer Vesela Dyakova \u2013 \u201cTodor Kableshkov\u201d University of Transport, Bulgaria<br \/>Assistant Kalina Semova \u2013 \u201cTodor Kableshkov\u201d University of Transport, Bulgaria<\/p>\t\t\t\t\t\t\t\t<\/div>\n\t\t\t\t<\/div>\n\t\t\t\t\t<\/div>\n\t\t\t\t<\/div>\n\t\t\t\t<\/div>\n\t\t","protected":false},"excerpt":{"rendered":"<p>Program Committee Chairman: Prof. Eng. Krasimir Krastanov, PhD \u2013 Rector, Todor Kableshkov University of Transport, Bulgaria Vice-Chairman: Assoc. Prof. Eng.-Math. Nina Gergova, PhD\u00a0 \u2013 Vice-Rector for Research and International Activities, Todor Kableshkov University of Transport, Bulgaria Honorary members:Grozdan Karadjov \u2013 Deputy Prime Minister and Minister of Transport and Communications, BulgariaKrasimir Valchev \u00a0\u2013 Minister of Education [&hellip;]<\/p>\n","protected":false},"author":2,"featured_media":0,"parent":0,"menu_order":0,"comment_status":"closed","ping_status":"closed","template":"","meta":{"footnotes":""},"class_list":["post-701","page","type-page","status-publish","hentry"],"_links":{"self":[{"href":"https:\/\/conference.vtu.bg\/en\/wp-json\/wp\/v2\/pages\/701","targetHints":{"allow":["GET"]}}],"collection":[{"href":"https:\/\/conference.vtu.bg\/en\/wp-json\/wp\/v2\/pages"}],"about":[{"href":"https:\/\/conference.vtu.bg\/en\/wp-json\/wp\/v2\/types\/page"}],"author":[{"embeddable":true,"href":"https:\/\/conference.vtu.bg\/en\/wp-json\/wp\/v2\/users\/2"}],"replies":[{"embeddable":true,"href":"https:\/\/conference.vtu.bg\/en\/wp-json\/wp\/v2\/comments?post=701"}],"version-history":[{"count":57,"href":"https:\/\/conference.vtu.bg\/en\/wp-json\/wp\/v2\/pages\/701\/revisions"}],"predecessor-version":[{"id":1065,"href":"https:\/\/conference.vtu.bg\/en\/wp-json\/wp\/v2\/pages\/701\/revisions\/1065"}],"wp:attachment":[{"href":"https:\/\/conference.vtu.bg\/en\/wp-json\/wp\/v2\/media?parent=701"}],"curies":[{"name":"wp","href":"https:\/\/api.w.org\/{rel}","templated":true}]}}